{"id":624,"date":"2022-11-28T19:24:59","date_gmt":"2022-11-28T17:24:59","guid":{"rendered":"https:\/\/raum-fassade.de\/?page_id=624"},"modified":"2026-01-24T09:50:14","modified_gmt":"2026-01-24T07:50:14","slug":"karriere","status":"publish","type":"page","link":"https:\/\/raum-fassade.de\/?page_id=624","title":{"rendered":"Karriere"},"content":{"rendered":"\n<h2 class=\"wp-block-heading has-x-large-font-size\"><strong><strong>Wir expandieren!<\/strong><\/strong><\/h2>\n\n\n<div class=\"ditty ditty--pre\" data-id=\"847\" data-uniqid=\"ditty-69fb12b2456a3\"><\/div>\n\n\n\n<h2 class=\"wp-block-heading has-medium-font-size\"><strong>Werde Teil unseres wachsenden Teams!<\/strong><\/h2>\n\n\n\n<figure class=\"wp-block-gallery has-nested-images columns-default is-cropped wp-block-gallery-1 is-layout-flex wp-block-gallery-is-layout-flex\">\n<figure class=\"wp-block-image size-large\"><a href=\"https:\/\/raum-fassade.de\/wp-content\/uploads\/2025\/03\/paint-2985569_1280.jpg\"><img loading=\"lazy\" decoding=\"async\" width=\"1024\" height=\"682\" data-id=\"820\" src=\"https:\/\/raum-fassade.de\/wp-content\/uploads\/2025\/03\/paint-2985569_1280-1024x682.jpg\" alt=\"\" class=\"wp-image-820\" srcset=\"https:\/\/raum-fassade.de\/wp-content\/uploads\/2025\/03\/paint-2985569_1280-1024x682.jpg 1024w, https:\/\/raum-fassade.de\/wp-content\/uploads\/2025\/03\/paint-2985569_1280-300x200.jpg 300w, https:\/\/raum-fassade.de\/wp-content\/uploads\/2025\/03\/paint-2985569_1280-768x512.jpg 768w, https:\/\/raum-fassade.de\/wp-content\/uploads\/2025\/03\/paint-2985569_1280-450x300.jpg 450w, https:\/\/raum-fassade.de\/wp-content\/uploads\/2025\/03\/paint-2985569_1280.jpg 1280w\" sizes=\"auto, (max-width: 1024px) 100vw, 1024px\" \/><\/a><\/figure>\n<\/figure>\n\n\n\n<p>Du bist Maler &amp; Lackierer (m\/w\/d) mit Leidenschaft und suchst eine neue Herausforderung? Dann bist du bei uns genau richtig! Wir bauen unser Gesch\u00e4ft aus und suchen Verst\u00e4rkung in folgenden Bereichen:<\/p>\n\n\n\n<ul class=\"wp-block-list\">\n<li><strong>Meister als Maler &amp; Lackierer (m\/w\/d)<\/strong><\/li>\n\n\n\n<li><strong>Geselle als Maler &amp; Lackierer (m\/w\/d)<\/strong><\/li>\n\n\n\n<li><strong>Aushilfe als Maler &amp; Lackierer (m\/w\/d) auf 556,- Euro-Basis<\/strong><\/li>\n<\/ul>\n\n\n\n<p>Der Meisterbetrieb Dirk Olbertz wurde 1996 gegr\u00fcndet und ist seit 26 Jahren im \u00d6ffentlichen- und Privatkundenbereich sehr erfolgreich t\u00e4tig. Wir sind hochqualifiziert und bieten eine professionelle Ausf\u00fchrung s\u00e4mtlicher Maler-, Tapezier- und Lackierarbeiten an. Auch die Verlegung von Bodenbel\u00e4gen sowie W\u00e4rmed\u00e4mmung und Trockenbau geh\u00f6ren zu unserem Leistungsumfang. Liebe zum Handwerk, Innovation und Begeisterung f\u00fcr die Gestaltung von Architektur und Design sind in diesem Beruf sehr gefragt.<\/p>\n\n\n\n<p><strong>Dein Profil:<\/strong><\/p>\n\n\n\n<ul class=\"wp-block-list\">\n<li>Du hast einen Meisterbrief oder eine erfolgreich abgeschlossene Berufsausbildung als Maler &amp; Lackierer oder m\u00f6chtest noch ein paar Stunden als Aushilfe arbeiten.<\/li>\n\n\n\n<li>Du bringst bereits erste Berufserfahrung mit und bist in der Lage, eigenst\u00e4ndig auf unseren Baustellen dein Projekt zu realisieren.<\/li>\n\n\n\n<li>Genaue und saubere Arbeitsweise sowie selbstst\u00e4ndiges Arbeiten sind erw\u00fcnscht.<\/li>\n\n\n\n<li>F\u00fchrerschein Klasse B<\/li>\n\n\n\n<li>Verl\u00e4sslichkeit in der Terminplanung sowie die direkte Kommunikation mit dem Kunden machen Dir Spa\u00df und sind f\u00fcr dich selbstverst\u00e4ndlich.<\/li>\n\n\n\n<li>Dich zeichnen Teamf\u00e4higkeit und gute soziale Umgangsformen aus.<\/li>\n\n\n\n<li>Routinearbeiten geh\u00f6ren f\u00fcr Dich selbstverst\u00e4ndlich dazu und diese erledigst Du sorgf\u00e4ltig und gewissenhaft.<\/li>\n\n\n\n<li>Selbst wenn Du noch nicht mit unseren au\u00dfergew\u00f6hnlichen Techniken gearbeitet hast, z\u00f6gere nicht mit uns in Kontakt zu kommen. Wir sind ein Team, in dem wir uns gegenseitig unterst\u00fctzen.<\/li>\n<\/ul>\n\n\n\n<p><strong>Wie wir arbeiten:<\/strong><\/p>\n\n\n\n<p>Uns vereint der Antrieb, mit Sorgfalt und Genauigkeit die Grundlagen des Meisterhandwerks umzusetzen. Wir haben das Gl\u00fcck, nicht nur Routinearbeiten machen zu m\u00fcssen. Unsere Leidenschaft spiegelt sich insbesondere in der Verbindung von traditioneller Handwerkskunst mit innovativen und kreativen Techniken wieder. So entstehen au\u00dfergew\u00f6hnliche Oberfl\u00e4chen mit unseren hochwertigen Werkzeugen, nachhaltigen Materialien und der individuellen Handschrift unserer Mitarbeiterinnen und Mitarbeiter.<\/p>\n\n\n\n<p><strong>Das bieten wir Dir:<\/strong><\/p>\n\n\n\n<p>Unser freundschaftlich-unkompliziertes Miteinander sorgt f\u00fcr Zusammenhalt in unserem Team und bildet die Basis f\u00fcr unsere Kreativit\u00e4t. Gegenseitiges Lernen ist f\u00fcr uns selbstverst\u00e4ndlich, dies zeigt sich in unserer t\u00e4glichen Arbeit. Als Fachleute haben wir Spa\u00df daran, miteinander Hand-in-Hand zu arbeiten. Regelm\u00e4\u00dfige Schulungen und Lehrg\u00e4nge geben uns die entsprechende Sicherheit im Umgang mit neuen Materialien und Techniken. Selbstverst\u00e4ndlich arbeiten wir mit qualitativ hochwertigen Materialien, Werkzeugen und Maschinen.<\/p>\n\n\n\n<p>Der Tarifvertrag bildet die Basis f\u00fcr die Entlohnung unserer Mitarbeiterinnen und Mitarbeiter, steuerfreie Zuwendungen runden unser Angebot ab. Arbeitsstunden werden bei uns erfasst. \u00dcberstunden im Gutstunden-Konto festgehalten. Somit sind wir in der Lage bei Auftragsverschiebungen zu reagieren oder saisonale Auftragsflauten in der Winterzeit gut zu \u00fcberbr\u00fccken. Dar\u00fcber hinaus werden \u00dcberstunden auf Wunsch in Freizeit abgegolten. Einen Firmenwagen stellen wir kostenfrei zur Verf\u00fcgung und Ausgleichssport wird finanziell unterst\u00fctzt.<\/p>\n\n\n\n<p><strong>Dein Weg zu uns:<\/strong><\/p>\n\n\n\n<p>Lass uns im ersten Schritt gern miteinander sprechen \ud83d\ude09 So k\u00f6nnen wir schnell und unkompliziert ausloten, ob wir zueinander passen. Ruf einfach an oder schick uns eine E-Mail. Wenn\u00b4s \u201efunkt\u201c freuen wir uns auf Deine Bewerbungsunterlagen.<\/p>\n\n\n\n<figure class=\"wp-block-gallery has-nested-images columns-default is-cropped wp-block-gallery-2 is-layout-flex wp-block-gallery-is-layout-flex\">\n<figure class=\"wp-block-image size-full\"><a href=\"https:\/\/raum-fassade.de\/wp-content\/uploads\/2025\/03\/476210811_639148721978896_2157449895857254220_n.jpg\"><img loading=\"lazy\" decoding=\"async\" width=\"800\" height=\"451\" data-id=\"822\" src=\"https:\/\/raum-fassade.de\/wp-content\/uploads\/2025\/03\/476210811_639148721978896_2157449895857254220_n.jpg\" alt=\"\" class=\"wp-image-822\" srcset=\"https:\/\/raum-fassade.de\/wp-content\/uploads\/2025\/03\/476210811_639148721978896_2157449895857254220_n.jpg 800w, https:\/\/raum-fassade.de\/wp-content\/uploads\/2025\/03\/476210811_639148721978896_2157449895857254220_n-300x169.jpg 300w, https:\/\/raum-fassade.de\/wp-content\/uploads\/2025\/03\/476210811_639148721978896_2157449895857254220_n-768x433.jpg 768w, https:\/\/raum-fassade.de\/wp-content\/uploads\/2025\/03\/476210811_639148721978896_2157449895857254220_n-500x282.jpg 500w\" sizes=\"auto, (max-width: 800px) 100vw, 800px\" \/><\/a><\/figure>\n<\/figure>\n\n\n\n<figure class=\"wp-block-table\"><table><tbody><tr><td>Raum + Fassade<br><strong>Dirk Olbertz<\/strong><br><strong>Malermeister<\/strong>&nbsp;<br>Am Hauweg 23 52372 Kreuzau<br>02422 904034<br>www.raum-fassade.de<br><strong><a href=\"mailto:dirkolbertz@t-online.de\">dirkolbertz@t-online.de<\/a><\/strong>&nbsp;&nbsp;<\/td><\/tr><\/tbody><\/table><\/figure>\n\n\n\n<p>Wir sind auch auf facebook unter &#8222;Raum + Fassade Malermeister Dirk Olbertz&#8220; zu finden.<\/p>\n\n\n\n<figure class=\"wp-block-table\"><table><tbody><tr><td><strong>Wir streichen Ihnen die Welt, wie sie Ihnen gef\u00e4llt!<\/strong><\/td><\/tr><\/tbody><\/table><\/figure>\n","protected":false},"excerpt":{"rendered":"<p>Wir expandieren! Werde Teil unseres wachsenden Teams! Du bist Maler &amp; Lackierer (m\/w\/d) mit Leidenschaft und suchst eine neue Herausforderung? Dann bist du bei uns genau richtig! Wir bauen unser Gesch\u00e4ft aus und suchen Verst\u00e4rkung in folgenden Bereichen: Der Meisterbetrieb &hellip; <a href=\"https:\/\/raum-fassade.de\/?page_id=624\">Weiterlesen <span class=\"meta-nav\">&rarr;<\/span><\/a><\/p>\n","protected":false},"author":2,"featured_media":0,"parent":0,"menu_order":8,"comment_status":"closed","ping_status":"closed","template":"","meta":{"footnotes":""},"class_list":["post-624","page","type-page","status-publish","hentry"],"_links":{"self":[{"href":"https:\/\/raum-fassade.de\/index.php?rest_route=\/wp\/v2\/pages\/624","targetHints":{"allow":["GET"]}}],"collection":[{"href":"https:\/\/raum-fassade.de\/index.php?rest_route=\/wp\/v2\/pages"}],"about":[{"href":"https:\/\/raum-fassade.de\/index.php?rest_route=\/wp\/v2\/types\/page"}],"author":[{"embeddable":true,"href":"https:\/\/raum-fassade.de\/index.php?rest_route=\/wp\/v2\/users\/2"}],"replies":[{"embeddable":true,"href":"https:\/\/raum-fassade.de\/index.php?rest_route=%2Fwp%2Fv2%2Fcomments&post=624"}],"version-history":[{"count":18,"href":"https:\/\/raum-fassade.de\/index.php?rest_route=\/wp\/v2\/pages\/624\/revisions"}],"predecessor-version":[{"id":857,"href":"https:\/\/raum-fassade.de\/index.php?rest_route=\/wp\/v2\/pages\/624\/revisions\/857"}],"wp:attachment":[{"href":"https:\/\/raum-fassade.de\/index.php?rest_route=%2Fwp%2Fv2%2Fmedia&parent=624"}],"curies":[{"name":"wp","href":"https:\/\/api.w.org\/{rel}","templated":true}]}}