{"id":6,"date":"2014-01-21T11:21:24","date_gmt":"2014-01-21T09:21:24","guid":{"rendered":"http:\/\/raum-fassade.de\/?page_id=6"},"modified":"2026-01-24T09:39:12","modified_gmt":"2026-01-24T07:39:12","slug":"home","status":"publish","type":"page","link":"https:\/\/raum-fassade.de\/","title":{"rendered":"Erfahrung und Qualit\u00e4t die \u00fcberzeugt!"},"content":{"rendered":"<div class=\"ditty ditty--pre\" data-id=\"847\" data-uniqid=\"ditty-69fb9cee18bd5\"><\/div>\n\n\n\n<p><\/p>\n\n\n\n<p><\/p>\n\n\n<div style=\"width: 584px;\" class=\"wp-video\"><video class=\"wp-video-shortcode\" id=\"video-6-1\" width=\"584\" height=\"329\" preload=\"metadata\" controls=\"controls\"><source type=\"video\/mp4\" src=\"https:\/\/raum-fassade.de\/wp-content\/uploads\/2024\/10\/FB_VID_7921877028314028746.mp4?_=1\" \/><a href=\"https:\/\/raum-fassade.de\/wp-content\/uploads\/2024\/10\/FB_VID_7921877028314028746.mp4\">https:\/\/raum-fassade.de\/wp-content\/uploads\/2024\/10\/FB_VID_7921877028314028746.mp4<\/a><\/video><\/div>\n<\/p>\n<p><span style=\"color: #000000;\"><span style=\"font-size: 14pt;\"><strong>Willkommen bei Ihrem Malermeister Dirk Olbertz!<\/strong><\/span><\/span><\/p>\n<p><span style=\"color: #000000;\"><span style=\"font-size: 14pt;\">Sind Sie auf der Suche nach einem Malerfachbetrieb, der durch<strong> Erfahrung, Qualit\u00e4t und Fachkenntnisse \u00fcberzeugt? <\/strong><\/span><\/span><span style=\"color: #000000;\"><span style=\"font-size: 14pt;\">Einen Malermeister, der sein Handwerk mit Leidenschaft lebt <strong>-pers\u00f6nlich, kompetent und innovativ?<\/strong> Wir bieten Ihnen h\u00f6chste Qualit\u00e4t, Service und eine optimale Planungssicherheit. Lehnen Sie sich zur\u00fcck und \u00fcberlassen Sie uns die Arbeit &#8211; wir k\u00fcmmern uns um alles! <\/span><\/span><\/p>\n<p><span style=\"font-size: 14pt; color: #000000;\"><strong>Bei uns sind Sie in den besten H\u00e4nden! <\/strong>Wir unterst\u00fctzen Sie professionell und zuverl\u00e4ssig. Ihre W\u00fcnsche und Anspr\u00fcche stehen bei uns im Mittelpunkt. Unsere Herausfoderung ist es, stets die beste L\u00f6sung f\u00fcr Sie zu finden. Dabei setzen wir auf <\/span><span style=\"font-size: 14pt; color: #000000;\"><strong>Zuverl\u00e4ssigkeit, Fachkenntnisse, Fertigkeit unser Mitarbeiter und hochwertige Materialien. <\/strong><\/span><\/p>\n<p><span style=\"font-size: 14pt; color: #000000;\">Unser t\u00e4gliches Ziel ist es, das Vertrauen unserer Kunden zu gewinnen und zu bewahren. Ihre Bed\u00fcrfnisse haben f\u00fcr uns oberste Priorit\u00e4t. <strong>Ein<\/strong> <strong>pers\u00f6nlicher, k<\/strong><\/span><span style=\"color: #000000;\"><span style=\"font-size: 14pt;\"><strong>ompetenter und freundlicher Service ist f\u00fcr uns selbstverst\u00e4ndlich!<\/strong><br \/><\/span><\/span><\/p>\n<p><span style=\"color: #000000;\"><span style=\"font-size: 14pt;\"><strong>Kontaktieren Sie uns noch heute!<\/strong> Rufen Sie uns an oder schicken Sie uns eine E-Mail.\u00a0<\/span><\/span><span style=\"color: #000000;\"><span style=\"font-size: 14pt;\">Wir beraten Sie gerne individuell und ausf\u00fchrlich. Lassen Sie uns gemeinsam Ihre Wohntr\u00e4ume verwirklichen. <\/span><\/span><\/p>\n<p><span style=\"color: #000000;\"><span style=\"font-size: 14pt;\"><strong>Ihr Malermeister Dirk Olbertz &#8211; Qualit\u00e4t, die \u00fcberzeugt.<\/strong><br \/><\/span><\/span><\/p>\n<p><span style=\"color: #000000;\"><span style=\"font-size: 14pt;\">Telefon: +49 2422 904034<\/span><\/span><\/p>\n<p><span style=\"color: #000000;\"><span style=\"font-size: 14pt;\">E-Mail: <strong><span style=\"color: #0000ff;\"><a style=\"color: #0000ff;\" title=\"dirkolbertz@t-online.de\" href=\"mailto:dirkolbertz@t-online.de\">dirkolbertz@t-online.de<\/a><\/span><\/strong><\/span><\/span><\/p>\n<p><a href=\"https:\/\/www.facebook.com\/Raum-Fassade-Malermeister-Dirk-Olbertz-105819332006397\">facebook<\/a><\/p>","protected":false},"excerpt":{"rendered":"<p>Willkommen bei Ihrem Malermeister Dirk Olbertz! Sind Sie auf der Suche nach einem Malerfachbetrieb, der durch Erfahrung, Qualit\u00e4t und Fachkenntnisse \u00fcberzeugt? Einen Malermeister, der sein Handwerk mit Leidenschaft lebt -pers\u00f6nlich, kompetent und innovativ? Wir bieten Ihnen h\u00f6chste Qualit\u00e4t, Service und &hellip; <a href=\"https:\/\/raum-fassade.de\/\">Weiterlesen <span class=\"meta-nav\">&rarr;<\/span><\/a><\/p>\n","protected":false},"author":4,"featured_media":0,"parent":0,"menu_order":0,"comment_status":"closed","ping_status":"closed","template":"","meta":{"footnotes":""},"class_list":["post-6","page","type-page","status-publish","hentry"],"_links":{"self":[{"href":"https:\/\/raum-fassade.de\/index.php?rest_route=\/wp\/v2\/pages\/6","targetHints":{"allow":["GET"]}}],"collection":[{"href":"https:\/\/raum-fassade.de\/index.php?rest_route=\/wp\/v2\/pages"}],"about":[{"href":"https:\/\/raum-fassade.de\/index.php?rest_route=\/wp\/v2\/types\/page"}],"author":[{"embeddable":true,"href":"https:\/\/raum-fassade.de\/index.php?rest_route=\/wp\/v2\/users\/4"}],"replies":[{"embeddable":true,"href":"https:\/\/raum-fassade.de\/index.php?rest_route=%2Fwp%2Fv2%2Fcomments&post=6"}],"version-history":[{"count":13,"href":"https:\/\/raum-fassade.de\/index.php?rest_route=\/wp\/v2\/pages\/6\/revisions"}],"predecessor-version":[{"id":848,"href":"https:\/\/raum-fassade.de\/index.php?rest_route=\/wp\/v2\/pages\/6\/revisions\/848"}],"wp:attachment":[{"href":"https:\/\/raum-fassade.de\/index.php?rest_route=%2Fwp%2Fv2%2Fmedia&parent=6"}],"curies":[{"name":"wp","href":"https:\/\/api.w.org\/{rel}","templated":true}]}}