{"id":30,"date":"2014-01-21T11:38:35","date_gmt":"2014-01-21T09:38:35","guid":{"rendered":"http:\/\/raum-fassade.de\/?page_id=30"},"modified":"2015-02-05T15:09:56","modified_gmt":"2015-02-05T13:09:56","slug":"bodenbelaege","status":"publish","type":"page","link":"https:\/\/raum-fassade.de\/?page_id=30","title":{"rendered":"Bodenbel\u00e4ge"},"content":{"rendered":"<p><a href=\"http:\/\/raum-fassade.de\/wp-content\/uploads\/2014\/01\/images-1.jpg\"><img loading=\"lazy\" decoding=\"async\" class=\"alignnone size-full wp-image-172\" src=\"http:\/\/raum-fassade.de\/wp-content\/uploads\/2014\/01\/images-1.jpg\" alt=\"images (1)\" width=\"225\" height=\"225\" srcset=\"https:\/\/raum-fassade.de\/wp-content\/uploads\/2014\/01\/images-1.jpg 225w, https:\/\/raum-fassade.de\/wp-content\/uploads\/2014\/01\/images-1-150x150.jpg 150w\" sizes=\"auto, (max-width: 225px) 100vw, 225px\" \/><\/a><a href=\"http:\/\/raum-fassade.de\/wp-content\/uploads\/2014\/01\/s-l-boden-01.jpg\"><img loading=\"lazy\" decoding=\"async\" class=\"alignnone size-medium wp-image-173\" src=\"http:\/\/raum-fassade.de\/wp-content\/uploads\/2014\/01\/s-l-boden-01-300x199.jpg\" alt=\"s-l-boden-01\" width=\"300\" height=\"199\" srcset=\"https:\/\/raum-fassade.de\/wp-content\/uploads\/2014\/01\/s-l-boden-01-300x199.jpg 300w, https:\/\/raum-fassade.de\/wp-content\/uploads\/2014\/01\/s-l-boden-01-451x300.jpg 451w, https:\/\/raum-fassade.de\/wp-content\/uploads\/2014\/01\/s-l-boden-01.jpg 800w\" sizes=\"auto, (max-width: 300px) 100vw, 300px\" \/><\/a><\/p>\n<p><span style=\"font-size: 14pt;\">Bodenbelag ist der Nutzbelag des Fu\u00dfbodens eines jeden Geb\u00e4udes und sollte mit Sorgfalt ausgesucht werden.<\/span><\/p>\n<p><span style=\"font-size: 14pt;\">Ob Balkon-, Teppich-\u00a0oder Industrieb\u00f6den &#8211; wir kennen die Anforderungen, die\u00a0an B\u00f6den gestellt werden. So m\u00fcssen die B\u00f6den\u00a0z. T.\u00a0einer extrem hohen Belastung standhalten k\u00f6nnen,\u00a0rutschfest oder widerstandsf\u00e4hig sein. Zudem m\u00fcssen die Beschichtungen\u00a0h\u00e4ufig auch\u00a0hohen \u00e4sthetischen Anspr\u00fcchen gen\u00fcgen.<\/span><\/p>\n<p><span style=\"font-size: 14pt;\">Wir liefern Ihnen den perfekten Bodenbelag, der zu\u00a0Ihren Bed\u00fcrfnissen passt\u00a0und sorgen zuverl\u00e4ssig und rasch\u00a0f\u00fcr\u00a0die professionelle Vorbereitung der Untergr\u00fcnde und die fachgerechte Umsetzung.<\/span><\/p>\n<p><a href=\"http:\/\/raum-fassade.de\/wp-content\/uploads\/2014\/01\/Privat_Bodenbelaege_1.8.jpg\"><img loading=\"lazy\" decoding=\"async\" class=\"size-medium wp-image-176 aligncenter\" src=\"http:\/\/raum-fassade.de\/wp-content\/uploads\/2014\/01\/Privat_Bodenbelaege_1.8-300x251.jpg\" alt=\"Privat_Bodenbelaege_1.8\" width=\"300\" height=\"251\" srcset=\"https:\/\/raum-fassade.de\/wp-content\/uploads\/2014\/01\/Privat_Bodenbelaege_1.8-300x251.jpg 300w, https:\/\/raum-fassade.de\/wp-content\/uploads\/2014\/01\/Privat_Bodenbelaege_1.8-357x300.jpg 357w, https:\/\/raum-fassade.de\/wp-content\/uploads\/2014\/01\/Privat_Bodenbelaege_1.8.jpg 700w\" sizes=\"auto, (max-width: 300px) 100vw, 300px\" \/><\/a><\/p>\n","protected":false},"excerpt":{"rendered":"<p>Bodenbelag ist der Nutzbelag des Fu\u00dfbodens eines jeden Geb\u00e4udes und sollte mit Sorgfalt ausgesucht werden. Ob Balkon-, Teppich-\u00a0oder Industrieb\u00f6den &#8211; wir kennen die Anforderungen, die\u00a0an B\u00f6den gestellt werden. So m\u00fcssen die B\u00f6den\u00a0z. T.\u00a0einer extrem hohen Belastung standhalten k\u00f6nnen,\u00a0rutschfest oder widerstandsf\u00e4hig &hellip; <a href=\"https:\/\/raum-fassade.de\/?page_id=30\">Weiterlesen <span class=\"meta-nav\">&rarr;<\/span><\/a><\/p>\n","protected":false},"author":4,"featured_media":0,"parent":2,"menu_order":150,"comment_status":"closed","ping_status":"closed","template":"","meta":{"footnotes":""},"class_list":["post-30","page","type-page","status-publish","hentry"],"_links":{"self":[{"href":"https:\/\/raum-fassade.de\/index.php?rest_route=\/wp\/v2\/pages\/30","targetHints":{"allow":["GET"]}}],"collection":[{"href":"https:\/\/raum-fassade.de\/index.php?rest_route=\/wp\/v2\/pages"}],"about":[{"href":"https:\/\/raum-fassade.de\/index.php?rest_route=\/wp\/v2\/types\/page"}],"author":[{"embeddable":true,"href":"https:\/\/raum-fassade.de\/index.php?rest_route=\/wp\/v2\/users\/4"}],"replies":[{"embeddable":true,"href":"https:\/\/raum-fassade.de\/index.php?rest_route=%2Fwp%2Fv2%2Fcomments&post=30"}],"version-history":[{"count":5,"href":"https:\/\/raum-fassade.de\/index.php?rest_route=\/wp\/v2\/pages\/30\/revisions"}],"predecessor-version":[{"id":225,"href":"https:\/\/raum-fassade.de\/index.php?rest_route=\/wp\/v2\/pages\/30\/revisions\/225"}],"up":[{"embeddable":true,"href":"https:\/\/raum-fassade.de\/index.php?rest_route=\/wp\/v2\/pages\/2"}],"wp:attachment":[{"href":"https:\/\/raum-fassade.de\/index.php?rest_route=%2Fwp%2Fv2%2Fmedia&parent=30"}],"curies":[{"name":"wp","href":"https:\/\/api.w.org\/{rel}","templated":true}]}}