{"id":28,"date":"2014-01-21T11:36:29","date_gmt":"2014-01-21T09:36:29","guid":{"rendered":"http:\/\/raum-fassade.de\/?page_id=28"},"modified":"2015-02-05T15:24:00","modified_gmt":"2015-02-05T13:24:00","slug":"farbkonzepte","status":"publish","type":"page","link":"https:\/\/raum-fassade.de\/?page_id=28","title":{"rendered":"Farbkonzepte"},"content":{"rendered":"<p><span style=\"font-size: 14pt;\"><strong>Farbkonzepte f\u00fcr Innen und Au\u00dfen<\/strong><\/span><\/p>\n<p><a href=\"http:\/\/raum-fassade.de\/wp-content\/uploads\/2014\/01\/Wandlasurused-look_zps619c59d0.jpg\"><img loading=\"lazy\" decoding=\"async\" class=\"alignnone size-medium wp-image-170\" src=\"http:\/\/raum-fassade.de\/wp-content\/uploads\/2014\/01\/Wandlasurused-look_zps619c59d0-300x245.jpg\" alt=\"Wandlasurused-look_zps619c59d0\" width=\"300\" height=\"245\" srcset=\"https:\/\/raum-fassade.de\/wp-content\/uploads\/2014\/01\/Wandlasurused-look_zps619c59d0-300x245.jpg 300w, https:\/\/raum-fassade.de\/wp-content\/uploads\/2014\/01\/Wandlasurused-look_zps619c59d0-366x300.jpg 366w, https:\/\/raum-fassade.de\/wp-content\/uploads\/2014\/01\/Wandlasurused-look_zps619c59d0.jpg 420w\" sizes=\"auto, (max-width: 300px) 100vw, 300px\" \/><\/a><\/p>\n<p><span style=\"font-size: 14pt;\">In der farblichen Abstimmung liegt der Grund f\u00fcr einen harmonischen Gesamteindruck.<\/span><\/p>\n<p><span style=\"font-size: 14pt;\">Wir beraten vom klassischen bis zum modernen Wohn- und Gestaltungsanspruch unsere Kunden.<\/span><\/p>\n<p><span style=\"font-size: 14pt;\">Sowohl im privaten Bereich als auch im Gesch\u00e4ftsbereich ergeben Einrichtung und farbliche Konzepte im Anstrich eine stimmige Einheit. Dies betrifft sowohl den Innen- als auch Au\u00dfenbereich.<\/span><\/p>\n<p><strong><span style=\"font-size: 14pt;\">Wir unterst\u00fctzen Sie gerne bei Ihrer Auswahl.<\/span><\/strong><\/p>\n","protected":false},"excerpt":{"rendered":"<p>Farbkonzepte f\u00fcr Innen und Au\u00dfen In der farblichen Abstimmung liegt der Grund f\u00fcr einen harmonischen Gesamteindruck. Wir beraten vom klassischen bis zum modernen Wohn- und Gestaltungsanspruch unsere Kunden. Sowohl im privaten Bereich als auch im Gesch\u00e4ftsbereich ergeben Einrichtung und farbliche &hellip; <a href=\"https:\/\/raum-fassade.de\/?page_id=28\">Weiterlesen <span class=\"meta-nav\">&rarr;<\/span><\/a><\/p>\n","protected":false},"author":4,"featured_media":0,"parent":2,"menu_order":145,"comment_status":"closed","ping_status":"closed","template":"","meta":{"footnotes":""},"class_list":["post-28","page","type-page","status-publish","hentry"],"_links":{"self":[{"href":"https:\/\/raum-fassade.de\/index.php?rest_route=\/wp\/v2\/pages\/28","targetHints":{"allow":["GET"]}}],"collection":[{"href":"https:\/\/raum-fassade.de\/index.php?rest_route=\/wp\/v2\/pages"}],"about":[{"href":"https:\/\/raum-fassade.de\/index.php?rest_route=\/wp\/v2\/types\/page"}],"author":[{"embeddable":true,"href":"https:\/\/raum-fassade.de\/index.php?rest_route=\/wp\/v2\/users\/4"}],"replies":[{"embeddable":true,"href":"https:\/\/raum-fassade.de\/index.php?rest_route=%2Fwp%2Fv2%2Fcomments&post=28"}],"version-history":[{"count":4,"href":"https:\/\/raum-fassade.de\/index.php?rest_route=\/wp\/v2\/pages\/28\/revisions"}],"predecessor-version":[{"id":236,"href":"https:\/\/raum-fassade.de\/index.php?rest_route=\/wp\/v2\/pages\/28\/revisions\/236"}],"up":[{"embeddable":true,"href":"https:\/\/raum-fassade.de\/index.php?rest_route=\/wp\/v2\/pages\/2"}],"wp:attachment":[{"href":"https:\/\/raum-fassade.de\/index.php?rest_route=%2Fwp%2Fv2%2Fmedia&parent=28"}],"curies":[{"name":"wp","href":"https:\/\/api.w.org\/{rel}","templated":true}]}}