{"id":20,"date":"2014-01-21T11:32:50","date_gmt":"2014-01-21T09:32:50","guid":{"rendered":"http:\/\/raum-fassade.de\/?page_id=20"},"modified":"2019-10-18T17:08:48","modified_gmt":"2019-10-18T15:08:48","slug":"waermedaemmung","status":"publish","type":"page","link":"https:\/\/raum-fassade.de\/?page_id=20","title":{"rendered":"W\u00e4rmed\u00e4mmung"},"content":{"rendered":"<p><strong><span style=\"font-size: 14pt;\">Die Vorteile einer w\u00e4rmeged\u00e4mmten Fassade liegen auf der Hand:<\/span><\/strong><\/p>\n<p><a href=\"http:\/\/raum-fassade.de\/wp-content\/uploads\/2014\/01\/waermedaemmung2.jpg\"><img loading=\"lazy\" decoding=\"async\" class=\"alignnone size-medium wp-image-148\" src=\"http:\/\/raum-fassade.de\/wp-content\/uploads\/2014\/01\/waermedaemmung2-300x290.jpg\" alt=\"waermedaemmung2\" width=\"300\" height=\"290\" srcset=\"https:\/\/raum-fassade.de\/wp-content\/uploads\/2014\/01\/waermedaemmung2-300x290.jpg 300w, https:\/\/raum-fassade.de\/wp-content\/uploads\/2014\/01\/waermedaemmung2-309x300.jpg 309w, https:\/\/raum-fassade.de\/wp-content\/uploads\/2014\/01\/waermedaemmung2.jpg 510w\" sizes=\"auto, (max-width: 300px) 100vw, 300px\" \/><\/a><\/p>\n<p><span style=\"font-size: 14pt;\">Ein hoher W\u00e4rmeschutz sorgt f\u00fcr geringe Energieverluste und damit f\u00fcr\u00a0enorme Heizkosteneinsparungen. Zudem sorgt die W\u00e4rmed\u00e4mmung f\u00fcr ein angenehmes Raumklima und schont die Umwelt. So\u00a0mindert eine fachgerecht ausgef\u00fchrte D\u00e4mmung Ihren Kohlendioxid-Aussto\u00df um mehrere Tonnen pro Jahr.<\/span><\/p>\n<p><a href=\"http:\/\/raum-fassade.de\/wp-content\/uploads\/2014\/01\/BZ02_b_gross.gif\"><img loading=\"lazy\" decoding=\"async\" class=\"alignnone size-medium wp-image-150\" src=\"http:\/\/raum-fassade.de\/wp-content\/uploads\/2014\/01\/BZ02_b_gross-300x211.gif\" alt=\"BZ02_b_gross\" width=\"300\" height=\"211\" srcset=\"https:\/\/raum-fassade.de\/wp-content\/uploads\/2014\/01\/BZ02_b_gross-300x211.gif 300w, https:\/\/raum-fassade.de\/wp-content\/uploads\/2014\/01\/BZ02_b_gross-425x300.gif 425w\" sizes=\"auto, (max-width: 300px) 100vw, 300px\" \/><\/a><\/p>\n<p><strong><span style=\"font-size: 14pt;\">D\u00e4mmma\u00dfnahmen werden zudem staatlich gef\u00f6rdert.<\/span><\/strong><\/p>\n<p><a href=\"https:\/\/raum-fassade.de\/?attachment_id=363\" rel=\"attachment wp-att-363\"><img loading=\"lazy\" decoding=\"async\" class=\"alignnone size-medium wp-image-363\" src=\"https:\/\/raum-fassade.de\/wp-content\/uploads\/2019\/10\/QDEV_Guetesiegel_AktionfuerQualitaet_rgb-300x300.jpg\" alt=\"\" width=\"300\" height=\"300\" srcset=\"https:\/\/raum-fassade.de\/wp-content\/uploads\/2019\/10\/QDEV_Guetesiegel_AktionfuerQualitaet_rgb-300x300.jpg 300w, https:\/\/raum-fassade.de\/wp-content\/uploads\/2019\/10\/QDEV_Guetesiegel_AktionfuerQualitaet_rgb-150x150.jpg 150w, https:\/\/raum-fassade.de\/wp-content\/uploads\/2019\/10\/QDEV_Guetesiegel_AktionfuerQualitaet_rgb.jpg 500w\" sizes=\"auto, (max-width: 300px) 100vw, 300px\" \/><\/a><\/p>\n<p><a href=\"https:\/\/daemmen-lohnt-sich.de\">Internetseite: D\u00e4mmen lohnt sich<\/a><\/p>\n","protected":false},"excerpt":{"rendered":"<p>Die Vorteile einer w\u00e4rmeged\u00e4mmten Fassade liegen auf der Hand: Ein hoher W\u00e4rmeschutz sorgt f\u00fcr geringe Energieverluste und damit f\u00fcr\u00a0enorme Heizkosteneinsparungen. Zudem sorgt die W\u00e4rmed\u00e4mmung f\u00fcr ein angenehmes Raumklima und schont die Umwelt. So\u00a0mindert eine fachgerecht ausgef\u00fchrte D\u00e4mmung Ihren Kohlendioxid-Aussto\u00df um &hellip; <a href=\"https:\/\/raum-fassade.de\/?page_id=20\">Weiterlesen <span class=\"meta-nav\">&rarr;<\/span><\/a><\/p>\n","protected":false},"author":4,"featured_media":0,"parent":2,"menu_order":125,"comment_status":"closed","ping_status":"closed","template":"","meta":{"footnotes":""},"class_list":["post-20","page","type-page","status-publish","hentry"],"_links":{"self":[{"href":"https:\/\/raum-fassade.de\/index.php?rest_route=\/wp\/v2\/pages\/20","targetHints":{"allow":["GET"]}}],"collection":[{"href":"https:\/\/raum-fassade.de\/index.php?rest_route=\/wp\/v2\/pages"}],"about":[{"href":"https:\/\/raum-fassade.de\/index.php?rest_route=\/wp\/v2\/types\/page"}],"author":[{"embeddable":true,"href":"https:\/\/raum-fassade.de\/index.php?rest_route=\/wp\/v2\/users\/4"}],"replies":[{"embeddable":true,"href":"https:\/\/raum-fassade.de\/index.php?rest_route=%2Fwp%2Fv2%2Fcomments&post=20"}],"version-history":[{"count":5,"href":"https:\/\/raum-fassade.de\/index.php?rest_route=\/wp\/v2\/pages\/20\/revisions"}],"predecessor-version":[{"id":373,"href":"https:\/\/raum-fassade.de\/index.php?rest_route=\/wp\/v2\/pages\/20\/revisions\/373"}],"up":[{"embeddable":true,"href":"https:\/\/raum-fassade.de\/index.php?rest_route=\/wp\/v2\/pages\/2"}],"wp:attachment":[{"href":"https:\/\/raum-fassade.de\/index.php?rest_route=%2Fwp%2Fv2%2Fmedia&parent=20"}],"curies":[{"name":"wp","href":"https:\/\/api.w.org\/{rel}","templated":true}]}}