{"id":16,"date":"2014-01-21T11:30:25","date_gmt":"2014-01-21T09:30:25","guid":{"rendered":"http:\/\/raum-fassade.de\/?page_id=16"},"modified":"2015-02-05T15:05:06","modified_gmt":"2015-02-05T13:05:06","slug":"trockenbau","status":"publish","type":"page","link":"https:\/\/raum-fassade.de\/?page_id=16","title":{"rendered":"Trockenbau"},"content":{"rendered":"<p><a href=\"http:\/\/raum-fassade.de\/wp-content\/uploads\/2014\/01\/Trockenbau1.jpg\"><img loading=\"lazy\" decoding=\"async\" class=\"alignnone size-full wp-image-129\" src=\"http:\/\/raum-fassade.de\/wp-content\/uploads\/2014\/01\/Trockenbau1.jpg\" alt=\"Trockenbau1\" width=\"275\" height=\"183\" \/><\/a><\/p>\n<p><span style=\"font-size: 14pt;\">Die Zeit in der wir leben ist durch eine sehr individuelle Lebensform gepr\u00e4gt. Dies gilt gleicherma\u00dfen f\u00fcr den heute gestalteten Arbeitsplatz, wie auch im Wohnungsbau.<\/span><\/p>\n<p><span style=\"font-size: 14pt;\">Der Trockenbau bietet die M\u00f6glichkeit Lebensr\u00e4ume auf Ihre Bed\u00fcrfnisse und Vorstellungen abzustimmen. Dabei sind einer innovativen Gestaltung auch bei aufwendigen Konstruktionen keine Grenzen gesetzt.<\/span><\/p>\n<p><span style=\"font-size: 14pt;\">Daher findet diese Art des Ausbauens unter anderem auch bei der Gestaltung von B\u00fcroh\u00e4usern, \u00f6ffentlichen Bauten, Museen, Theatern, Hotels, repr\u00e4sentativen Eingangshallen, wie auch im Ladenbau\u00a0und im eigenen Heim viele Einsatzm\u00f6glichkeiten.<\/span><\/p>\n<p><span style=\"font-size: 14pt;\">Doch vor allem ist der Trockenbau durch seine schnellen, unkomplizierten Aufbau leicht zu handhaben und somit kosteng\u00fcnstig zu realisieren.<\/span><\/p>\n","protected":false},"excerpt":{"rendered":"<p>Die Zeit in der wir leben ist durch eine sehr individuelle Lebensform gepr\u00e4gt. Dies gilt gleicherma\u00dfen f\u00fcr den heute gestalteten Arbeitsplatz, wie auch im Wohnungsbau. Der Trockenbau bietet die M\u00f6glichkeit Lebensr\u00e4ume auf Ihre Bed\u00fcrfnisse und Vorstellungen abzustimmen. Dabei sind einer &hellip; <a href=\"https:\/\/raum-fassade.de\/?page_id=16\">Weiterlesen <span class=\"meta-nav\">&rarr;<\/span><\/a><\/p>\n","protected":false},"author":4,"featured_media":0,"parent":2,"menu_order":120,"comment_status":"closed","ping_status":"closed","template":"","meta":{"footnotes":""},"class_list":["post-16","page","type-page","status-publish","hentry"],"_links":{"self":[{"href":"https:\/\/raum-fassade.de\/index.php?rest_route=\/wp\/v2\/pages\/16","targetHints":{"allow":["GET"]}}],"collection":[{"href":"https:\/\/raum-fassade.de\/index.php?rest_route=\/wp\/v2\/pages"}],"about":[{"href":"https:\/\/raum-fassade.de\/index.php?rest_route=\/wp\/v2\/types\/page"}],"author":[{"embeddable":true,"href":"https:\/\/raum-fassade.de\/index.php?rest_route=\/wp\/v2\/users\/4"}],"replies":[{"embeddable":true,"href":"https:\/\/raum-fassade.de\/index.php?rest_route=%2Fwp%2Fv2%2Fcomments&post=16"}],"version-history":[{"count":4,"href":"https:\/\/raum-fassade.de\/index.php?rest_route=\/wp\/v2\/pages\/16\/revisions"}],"predecessor-version":[{"id":219,"href":"https:\/\/raum-fassade.de\/index.php?rest_route=\/wp\/v2\/pages\/16\/revisions\/219"}],"up":[{"embeddable":true,"href":"https:\/\/raum-fassade.de\/index.php?rest_route=\/wp\/v2\/pages\/2"}],"wp:attachment":[{"href":"https:\/\/raum-fassade.de\/index.php?rest_route=%2Fwp%2Fv2%2Fmedia&parent=16"}],"curies":[{"name":"wp","href":"https:\/\/api.w.org\/{rel}","templated":true}]}}