{"id":14,"date":"2014-01-21T11:29:00","date_gmt":"2014-01-21T09:29:00","guid":{"rendered":"http:\/\/raum-fassade.de\/?page_id=14"},"modified":"2015-02-05T15:16:50","modified_gmt":"2015-02-05T13:16:50","slug":"werterhalt","status":"publish","type":"page","link":"https:\/\/raum-fassade.de\/?page_id=14","title":{"rendered":"Werterhalt"},"content":{"rendered":"<p><span style=\"font-size: 14pt;\"><strong>Werterhalt durch rechtzeitige Ma\u00dfnahmen<\/strong><\/span><\/p>\n<p><span style=\"font-size: 14pt;\">Auf den ersten Blick unauff\u00e4llige Sch\u00e4den verursachen sp\u00e4ter die gr\u00f6\u00dften Sch\u00e4den. Kleine Risse rei\u00dfen sp\u00e4ter gro\u00dfe L\u00f6cher &#8211; in Mauerwerk, Putz oder Portemonnaie.\u00a0Rechtzeitige lokale Ma\u00dfnahmen k\u00f6nnen verhindern, dass aus kleinen Sch\u00e4den gro\u00dfe Kosten werden.\u00a0Sch\u00e4den im Mauerwerk m\u00fcssen rechtzeitig erkannt und behoben werden, um eine Ausweitung und h\u00f6here Sanierungskosten zu vermeiden.<\/span><\/p>\n","protected":false},"excerpt":{"rendered":"<p>Werterhalt durch rechtzeitige Ma\u00dfnahmen Auf den ersten Blick unauff\u00e4llige Sch\u00e4den verursachen sp\u00e4ter die gr\u00f6\u00dften Sch\u00e4den. Kleine Risse rei\u00dfen sp\u00e4ter gro\u00dfe L\u00f6cher &#8211; in Mauerwerk, Putz oder Portemonnaie.\u00a0Rechtzeitige lokale Ma\u00dfnahmen k\u00f6nnen verhindern, dass aus kleinen Sch\u00e4den gro\u00dfe Kosten werden.\u00a0Sch\u00e4den im Mauerwerk &hellip; <a href=\"https:\/\/raum-fassade.de\/?page_id=14\">Weiterlesen <span class=\"meta-nav\">&rarr;<\/span><\/a><\/p>\n","protected":false},"author":4,"featured_media":0,"parent":2,"menu_order":115,"comment_status":"closed","ping_status":"closed","template":"","meta":{"footnotes":""},"class_list":["post-14","page","type-page","status-publish","hentry"],"_links":{"self":[{"href":"https:\/\/raum-fassade.de\/index.php?rest_route=\/wp\/v2\/pages\/14","targetHints":{"allow":["GET"]}}],"collection":[{"href":"https:\/\/raum-fassade.de\/index.php?rest_route=\/wp\/v2\/pages"}],"about":[{"href":"https:\/\/raum-fassade.de\/index.php?rest_route=\/wp\/v2\/types\/page"}],"author":[{"embeddable":true,"href":"https:\/\/raum-fassade.de\/index.php?rest_route=\/wp\/v2\/users\/4"}],"replies":[{"embeddable":true,"href":"https:\/\/raum-fassade.de\/index.php?rest_route=%2Fwp%2Fv2%2Fcomments&post=14"}],"version-history":[{"count":3,"href":"https:\/\/raum-fassade.de\/index.php?rest_route=\/wp\/v2\/pages\/14\/revisions"}],"predecessor-version":[{"id":229,"href":"https:\/\/raum-fassade.de\/index.php?rest_route=\/wp\/v2\/pages\/14\/revisions\/229"}],"up":[{"embeddable":true,"href":"https:\/\/raum-fassade.de\/index.php?rest_route=\/wp\/v2\/pages\/2"}],"wp:attachment":[{"href":"https:\/\/raum-fassade.de\/index.php?rest_route=%2Fwp%2Fv2%2Fmedia&parent=14"}],"curies":[{"name":"wp","href":"https:\/\/api.w.org\/{rel}","templated":true}]}}