{"id":12,"date":"2014-01-21T11:27:43","date_gmt":"2014-01-21T09:27:43","guid":{"rendered":"http:\/\/raum-fassade.de\/?page_id=12"},"modified":"2015-02-05T15:04:22","modified_gmt":"2015-02-05T13:04:22","slug":"neubaugestaltung","status":"publish","type":"page","link":"https:\/\/raum-fassade.de\/?page_id=12","title":{"rendered":"Neubaugestaltung"},"content":{"rendered":"<p><a href=\"http:\/\/raum-fassade.de\/wp-content\/uploads\/2014\/01\/Neubaugestaltung.jpg\"><img loading=\"lazy\" decoding=\"async\" class=\"alignnone size-full wp-image-125\" src=\"http:\/\/raum-fassade.de\/wp-content\/uploads\/2014\/01\/Neubaugestaltung.jpg\" alt=\"Neubaugestaltung\" width=\"225\" height=\"225\" srcset=\"https:\/\/raum-fassade.de\/wp-content\/uploads\/2014\/01\/Neubaugestaltung.jpg 225w, https:\/\/raum-fassade.de\/wp-content\/uploads\/2014\/01\/Neubaugestaltung-150x150.jpg 150w\" sizes=\"auto, (max-width: 225px) 100vw, 225px\" \/><\/a><\/p>\n<p><span style=\"font-size: 14pt;\"><strong>Neubaugestaltung<\/strong><\/span><\/p>\n<p><span style=\"font-size: 14pt;\">Im Bereich der Neubauplanung spielt die farbliche Gestaltung einer Immobilie eine wichtige Rolle. Sie entscheidet \u00fcber die Akzeptanz im Erscheinungsbild ihrer Wohnumgebung &#8211; und nimmt Einfluss auf das Wohlbefinden von Eigent\u00fcmern wie Bewohnern. F\u00fcr die Fassade gilt: Es gibt keine zweite Chance f\u00fcr einen ersten Eindruck!<\/span><\/p>\n<p><span style=\"font-size: 14pt;\"><strong>Modernisierung durch Farbe<\/strong><\/span><\/p>\n<p><span style=\"font-size: 14pt;\">Vielen Geb\u00e4uden sieht man ihre Entstehung allein an der fr\u00fcher \u00fcblichen\/modernen Farbgebung an, die ein Geb\u00e4ude heute alt aussehen lassen. Eine Farbgebung nach heutigen Vorstellungen l\u00e4sst sich planen, und wertet das renovierte Objekt deutlich auf.<\/span><\/p>\n","protected":false},"excerpt":{"rendered":"<p>Neubaugestaltung Im Bereich der Neubauplanung spielt die farbliche Gestaltung einer Immobilie eine wichtige Rolle. Sie entscheidet \u00fcber die Akzeptanz im Erscheinungsbild ihrer Wohnumgebung &#8211; und nimmt Einfluss auf das Wohlbefinden von Eigent\u00fcmern wie Bewohnern. F\u00fcr die Fassade gilt: Es gibt &hellip; <a href=\"https:\/\/raum-fassade.de\/?page_id=12\">Weiterlesen <span class=\"meta-nav\">&rarr;<\/span><\/a><\/p>\n","protected":false},"author":4,"featured_media":0,"parent":2,"menu_order":110,"comment_status":"closed","ping_status":"closed","template":"","meta":{"footnotes":""},"class_list":["post-12","page","type-page","status-publish","hentry"],"_links":{"self":[{"href":"https:\/\/raum-fassade.de\/index.php?rest_route=\/wp\/v2\/pages\/12","targetHints":{"allow":["GET"]}}],"collection":[{"href":"https:\/\/raum-fassade.de\/index.php?rest_route=\/wp\/v2\/pages"}],"about":[{"href":"https:\/\/raum-fassade.de\/index.php?rest_route=\/wp\/v2\/types\/page"}],"author":[{"embeddable":true,"href":"https:\/\/raum-fassade.de\/index.php?rest_route=\/wp\/v2\/users\/4"}],"replies":[{"embeddable":true,"href":"https:\/\/raum-fassade.de\/index.php?rest_route=%2Fwp%2Fv2%2Fcomments&post=12"}],"version-history":[{"count":5,"href":"https:\/\/raum-fassade.de\/index.php?rest_route=\/wp\/v2\/pages\/12\/revisions"}],"predecessor-version":[{"id":218,"href":"https:\/\/raum-fassade.de\/index.php?rest_route=\/wp\/v2\/pages\/12\/revisions\/218"}],"up":[{"embeddable":true,"href":"https:\/\/raum-fassade.de\/index.php?rest_route=\/wp\/v2\/pages\/2"}],"wp:attachment":[{"href":"https:\/\/raum-fassade.de\/index.php?rest_route=%2Fwp%2Fv2%2Fmedia&parent=12"}],"curies":[{"name":"wp","href":"https:\/\/api.w.org\/{rel}","templated":true}]}}