{"id":103,"date":"2014-02-05T15:40:28","date_gmt":"2014-02-05T13:40:28","guid":{"rendered":"http:\/\/raum-fassade.de\/?page_id=103"},"modified":"2026-01-24T09:47:36","modified_gmt":"2026-01-24T07:47:36","slug":"unser-leistungsspektrum","status":"publish","type":"page","link":"https:\/\/raum-fassade.de\/?page_id=103","title":{"rendered":"Einsatzgebiet"},"content":{"rendered":"<div class=\"ditty ditty--pre\" data-id=\"847\" data-uniqid=\"ditty-69e16c674fdff\"><\/div>\n\n\n<\/p>\n<p><span style=\"font-size: 14pt;\"><strong>Schwerpunktm\u00e4\u00dfig<\/strong>\u00a0arbeiten wir\u00a0im <strong>Gro\u00dfraum Aachen, D\u00fcren, D\u00fcsseldorf,<\/strong> <strong>M\u00f6nchengladbach, K\u00f6ln und Bonn<\/strong>.<\/span><\/p>\n<p><span style=\"font-size: 14pt;\">Gerne sind wir auch bei gr\u00f6\u00dferen Auftr\u00e4gen bereit, bundesweit f\u00fcr Sie t\u00e4tig zu werden.<\/span><\/p>\n<p><a href=\"http:\/\/raum-fassade.de\/wp-content\/uploads\/2014\/02\/Karte.jpg\"><img loading=\"lazy\" decoding=\"async\" class=\"size-full wp-image-122 alignleft\" src=\"http:\/\/raum-fassade.de\/wp-content\/uploads\/2014\/02\/Karte.jpg\" alt=\"Karte\" width=\"225\" height=\"225\" srcset=\"https:\/\/raum-fassade.de\/wp-content\/uploads\/2014\/02\/Karte.jpg 225w, https:\/\/raum-fassade.de\/wp-content\/uploads\/2014\/02\/Karte-150x150.jpg 150w\" sizes=\"auto, (max-width: 225px) 100vw, 225px\" \/><\/a><\/p>","protected":false},"excerpt":{"rendered":"<p>Schwerpunktm\u00e4\u00dfig\u00a0arbeiten wir\u00a0im Gro\u00dfraum Aachen, D\u00fcren, D\u00fcsseldorf, M\u00f6nchengladbach, K\u00f6ln und Bonn. Gerne sind wir auch bei gr\u00f6\u00dferen Auftr\u00e4gen bereit, bundesweit f\u00fcr Sie t\u00e4tig zu werden.<\/p>\n","protected":false},"author":2,"featured_media":0,"parent":0,"menu_order":5,"comment_status":"closed","ping_status":"closed","template":"","meta":{"footnotes":""},"class_list":["post-103","page","type-page","status-publish","hentry"],"_links":{"self":[{"href":"https:\/\/raum-fassade.de\/index.php?rest_route=\/wp\/v2\/pages\/103","targetHints":{"allow":["GET"]}}],"collection":[{"href":"https:\/\/raum-fassade.de\/index.php?rest_route=\/wp\/v2\/pages"}],"about":[{"href":"https:\/\/raum-fassade.de\/index.php?rest_route=\/wp\/v2\/types\/page"}],"author":[{"embeddable":true,"href":"https:\/\/raum-fassade.de\/index.php?rest_route=\/wp\/v2\/users\/2"}],"replies":[{"embeddable":true,"href":"https:\/\/raum-fassade.de\/index.php?rest_route=%2Fwp%2Fv2%2Fcomments&post=103"}],"version-history":[{"count":7,"href":"https:\/\/raum-fassade.de\/index.php?rest_route=\/wp\/v2\/pages\/103\/revisions"}],"predecessor-version":[{"id":852,"href":"https:\/\/raum-fassade.de\/index.php?rest_route=\/wp\/v2\/pages\/103\/revisions\/852"}],"wp:attachment":[{"href":"https:\/\/raum-fassade.de\/index.php?rest_route=%2Fwp%2Fv2%2Fmedia&parent=103"}],"curies":[{"name":"wp","href":"https:\/\/api.w.org\/{rel}","templated":true}]}}