{"id":10,"date":"2014-01-21T11:26:52","date_gmt":"2014-01-21T09:26:52","guid":{"rendered":"http:\/\/raum-fassade.de\/?page_id=10"},"modified":"2015-02-05T15:14:47","modified_gmt":"2015-02-05T13:14:47","slug":"altbausanierung","status":"publish","type":"page","link":"https:\/\/raum-fassade.de\/?page_id=10","title":{"rendered":"Altbausanierung"},"content":{"rendered":"<p><strong><a href=\"http:\/\/raum-fassade.de\/wp-content\/uploads\/2014\/01\/Altbausanierung.jpg\"><img loading=\"lazy\" decoding=\"async\" class=\"size-full wp-image-111 alignleft\" src=\"http:\/\/raum-fassade.de\/wp-content\/uploads\/2014\/01\/Altbausanierung.jpg\" alt=\"Altbausanierung\" width=\"233\" height=\"216\" \/><\/a><\/strong><\/p>\n<p>&nbsp;<\/p>\n<p>&nbsp;<\/p>\n<p>&nbsp;<\/p>\n<p>&nbsp;<\/p>\n<p>&nbsp;<\/p>\n<p>&nbsp;<\/p>\n<p><span style=\"font-size: 14pt;\"><strong>Erhalten und gestalten &#8230;<\/strong><\/span><\/p>\n<p><span style=\"font-size: 14pt;\">mit der die Bausubstanz optimal f\u00fcr die Zukunft behandelt werden sollte. Erhaltend wirken alle Ma\u00dfnahmen, die die Qualit\u00e4t der vorhandenen Anstriche analysieren, Schwachstellen aufdecken und eine fachgerechte Reparatur oder Sanierungsma\u00dfnahmen veranlassen.<\/span><\/p>\n<p><span style=\"font-size: 14pt;\"><strong>Modernisierung &amp; Sanierung \u2026<\/strong><\/span><\/p>\n<p><span style=\"font-size: 14pt;\">Es gibt unterschiedliche Wege, die zum Ziel f\u00fchren.\u00a0Muss in einem Fall der Farbaufbau vollst\u00e4ndig \u00fcber alle Schichten neu aufgebracht werden, steht in anderen Objekten die farbliche Neugestaltung des Objektes im Vordergrund. Dies ist von Objekt zu Objekt individuell zu entscheiden.<\/span><\/p>\n<p style=\"text-align: center;\">\n","protected":false},"excerpt":{"rendered":"<p>&nbsp; &nbsp; &nbsp; &nbsp; &nbsp; &nbsp; Erhalten und gestalten &#8230; mit der die Bausubstanz optimal f\u00fcr die Zukunft behandelt werden sollte. Erhaltend wirken alle Ma\u00dfnahmen, die die Qualit\u00e4t der vorhandenen Anstriche analysieren, Schwachstellen aufdecken und eine fachgerechte Reparatur oder Sanierungsma\u00dfnahmen &hellip; <a href=\"https:\/\/raum-fassade.de\/?page_id=10\">Weiterlesen <span class=\"meta-nav\">&rarr;<\/span><\/a><\/p>\n","protected":false},"author":4,"featured_media":0,"parent":2,"menu_order":105,"comment_status":"closed","ping_status":"closed","template":"","meta":{"footnotes":""},"class_list":["post-10","page","type-page","status-publish","hentry"],"_links":{"self":[{"href":"https:\/\/raum-fassade.de\/index.php?rest_route=\/wp\/v2\/pages\/10","targetHints":{"allow":["GET"]}}],"collection":[{"href":"https:\/\/raum-fassade.de\/index.php?rest_route=\/wp\/v2\/pages"}],"about":[{"href":"https:\/\/raum-fassade.de\/index.php?rest_route=\/wp\/v2\/types\/page"}],"author":[{"embeddable":true,"href":"https:\/\/raum-fassade.de\/index.php?rest_route=\/wp\/v2\/users\/4"}],"replies":[{"embeddable":true,"href":"https:\/\/raum-fassade.de\/index.php?rest_route=%2Fwp%2Fv2%2Fcomments&post=10"}],"version-history":[{"count":5,"href":"https:\/\/raum-fassade.de\/index.php?rest_route=\/wp\/v2\/pages\/10\/revisions"}],"predecessor-version":[{"id":227,"href":"https:\/\/raum-fassade.de\/index.php?rest_route=\/wp\/v2\/pages\/10\/revisions\/227"}],"up":[{"embeddable":true,"href":"https:\/\/raum-fassade.de\/index.php?rest_route=\/wp\/v2\/pages\/2"}],"wp:attachment":[{"href":"https:\/\/raum-fassade.de\/index.php?rest_route=%2Fwp%2Fv2%2Fmedia&parent=10"}],"curies":[{"name":"wp","href":"https:\/\/api.w.org\/{rel}","templated":true}]}}